{"id":3,"date":"2021-09-22T10:35:10","date_gmt":"2021-09-22T10:35:10","guid":{"rendered":"https:\/\/signaturen.as\/?page_id=3"},"modified":"2021-09-23T09:00:42","modified_gmt":"2021-09-23T08:00:42","slug":"privacy-policy","status":"publish","type":"page","link":"https:\/\/signaturen.as\/?page_id=3","title":{"rendered":"Personvernerkl\u00e6ring"},"content":{"rendered":"\n<p>Denne Personvernerkl\u00e6ringen gjelder innsamling, lagring og bruk av personopplysninger p\u00e5 signaturen.as (\u201cNettstedet\u201d) og i forbindelse med kj\u00f8p og andre henvendelser i Signaturen Eiendom AS\u2019s butikk. Her finner du informasjon blant annet om hvilke personopplysninger som samles inn, hva de brukes til og hvilke rettigheter du har. Signaturen Eiendom AS AS, (organisasjonsnummer: 925045098, heretter \u201cSignaturen Eiendom AS\u201d eller \u201cvi\u201d) er ansvarlige for behandlingen og kan kontaktes ved sp\u00f8rsm\u00e5l.<\/p>\n\n\n\n<p><strong>Hvilke personopplysninger vi behandler<\/strong><\/p>\n\n\n\n<p>Signaturen Eiendom AS behandler personopplysninger for \u00e5 oppfylle avtaler med kunder, leverand\u00f8rer og samarbeidspartnere. Den typen personopplysninger Signaturen Eiendom AS behandler om deg kan v\u00e6re:<\/p>\n\n\n\n<ul class=\"wp-block-list\"><li>Grunnleggende kontaktopplysninger som navn, adresse, telefonnummer og e-post<\/li><li>Demografisk informasjon som f\u00f8dselsdato, alder og kj\u00f8nn<\/li><li>Jobbinformasjon som arbeidsgiver, tittel, stilling, samt faglige preferanser og interesser<\/li><li>Tilbakemeldinger, kommentarer eller sp\u00f8rsm\u00e5l fra deg om Signaturen Eiendom AS eller v\u00e5re produkter og tjenester<\/li><li>\u00d8konomisk informasjon som f.eks kredittkortinformasjon, fakturaadresse etc.<\/li><li>Informasjon som angis i nettleseren din som for eksempel type nettleser eller konsoll, spr\u00e5k, adressen til nettstedet du kom fra, samt annen trafikkinformasjon som IP-adresse<\/li><li>Klikk og bevegelse p\u00e5 Signaturen Eiendom AS-nettsider og i v\u00e5re produkter og tjenester<\/li><li>Epost adferd, for eksempel hvilke e-poster fra Signaturen Eiendom AS du \u00e5pner, n\u00e5r og hvordan<\/li><\/ul>\n\n\n\n<p>Personopplysninger vil ikke bli lagret lenger enn det som er n\u00f8dvendig for \u00e5 oppfylle form\u00e5let med behandlingen eller lovp\u00e5lagte plikter. Signaturen Eiendom AS deler ikke personopplysninger med andre, med mindre det er n\u00f8dvendig for \u00e5 gjennomf\u00f8re inng\u00e5tte avtaler eller for \u00e5 oppfylle rettslige forpliktelser.<\/p>\n\n\n\n<p>Du har rett til innsyn, korrigering og sletting av de personopplysningene som er lagret av Signaturen Eiendom AS. Se eget punkt nederst p\u00e5 siden.<\/p>\n\n\n\n<p><strong>Hvordan vi samler personopplysninger<\/strong><\/p>\n\n\n\n<p>Det er frivillig for deg som bes\u00f8ker Nettstedet \u00e5 oppgi personopplysninger i forbindelse med tjenester. Behandlingsgrunnlaget er normalt <em>samtykke <\/em>fra den enkelte, men kan ogs\u00e5 v\u00e6re at du kontakter oss via skjema p\u00e5 nettsiden eller pr telefon. I slike tilfeller gir du ditt samtykke til \u00e5 behandle personopplysningene ved \u00e5 sende oss foresp\u00f8rselen din.<\/p>\n\n\n\n<p><strong>Automatisk datainnsamlingsverkt\u00f8y<\/strong><\/p>\n\n\n\n<p>Signaturen Eiendom AS bruker ulike digitale sporingsteknologier for \u00e5 samle inn informasjon om bevegelsene dine p\u00e5 Signaturen Eiendom ASs nettsider og n\u00e5r du samhandler med oss. Form\u00e5let med dette er \u00e5 utarbeide statistikk som vi bruker til \u00e5 forbedre og videreutvikle nettstedet.<\/p>\n\n\n\n<p><strong>Informasjonskapsler<\/strong><\/p>\n\n\n\n<p>Informasjonskapsler (\u201ccookies\u201d) er sm\u00e5 tekstfiler som inneholder en streng med tegn, som gir nettleseren din en unik identitet. Identiteten kan brukes til \u00e5 kjenne deg igjen og f.eks tilpasse innholdet p\u00e5 nettsider til hva du interesserte deg for ved siste bes\u00f8k p\u00e5 v\u00e5re nettsider, De fleste nettlesere er i utgangspunktet innstilt for \u00e5 godta informasjonskapsler. Du kan imidlertid endre nettleserinnstillingene for \u00e5 f\u00e5 din nettleser til \u00e5 nekte bruk av informasjonskapsler generelt, blokkere tredjeparts informasjonskapsler eller angi n\u00e5r en informasjonskapsel skal aksepteres. Du kan selv slette informasjonskapslene lagret i din nettleser n\u00e5r du m\u00e5tte \u00f8nske.<\/p>\n\n\n\n<p>Dersom du vil vite mer om informasjonskapsler og hvordan de fungerer, kan du lese mer p\u00e5 <a href=\"http:\/\/www.allaboutcookies.org\" target=\"_blank\" rel=\"noreferrer noopener\">www.allaboutcookies.org<\/a><\/p>\n\n\n\n<p><strong>Informasjonskapsler og teknologier fra Google<\/strong><\/p>\n\n\n\n<p><strong>Google Tag Manager: <\/strong>Et verkt\u00f8y for \u00e5 legge til funksjonalitet p\u00e5 nettsidene.<\/p>\n\n\n\n<p><strong>Google Analytics: <\/strong>Denne informasjonskapselen gir oss mulighet til \u00e5 se informasjon om brukerens aktiviteter p\u00e5 nettsider, inkludert men ikke begrenset til sidevisninger, kilde og tid brukt p\u00e5 et nettsted. Signaturen Eiendom AS anonymiserer IP-adresser f\u00f8r disse sendes videre til Google, noe som betyr at de ikke kan spores tilbake til enkeltpersoner. Dette bidrar til \u00e5 beskytte ditt personvern. Ved hjelp av Google Analytics kan vi se hvilket innhold som er popul\u00e6rt, og mindre popul\u00e6rt p\u00e5 v\u00e5re nettsider, og arbeide for \u00e5 gi v\u00e5re brukere flere av de tingene de liker \u00e5 lese og se p\u00e5.<\/p>\n\n\n\n<p><strong>Google<\/strong> <strong>Remarketing (DoubleClick): <\/strong>Plasserer informasjonskapsler p\u00e5 brukernes datamaskin, som betyr at Google etter at brukeren har forlatt nettstedet, kan vise annonser som fanger interesse, basert p\u00e5 brukerens tidligere aktivitet p\u00e5 Signaturen Eiendom ASs-nettsider. Denne informasjonen identifierer ikke enkeltpersoner.<\/p>\n\n\n\n<p><strong>Hotjar: <\/strong>Plasserer informasjonskapsler p\u00e5 brukerens datamaskin for \u00e5 analysere faktisk bruk av nettsidene, herunder plassering av muesepeker, scrolling p\u00e5 side, registrering av museklikk eller fingerber\u00f8ring ved touchskjerm og brukerens gjennomf\u00f8ring av skjermaer. All data som lagres er anonymisert og er ikke gjenstand for identifisering av personer.<\/p>\n\n\n\n<p>Du kan forhindre at den informasjonen som genereres av Googles informasjonskapsler ved \u00e5 laste ned og installere tillegget Google Analytics Opt-out Browser Add-on for din n\u00e5v\u00e6rende nettleser. Dette tillegget er tilgjengelig p\u00e5 <a href=\"http:\/\/tools.google.com\/dlpage\/gaoptout\" target=\"_blank\" rel=\"noreferrer noopener\">http:\/\/tools.google.com\/dlpage\/gaoptout<\/a>.<\/p>\n\n\n\n<p><strong>Pikseltagger fra Facebook<\/strong><\/p>\n\n\n\n<p><strong>Facebook Remarketing: <\/strong>Facebook pikseltagger inneb\u00e6rer at det plasserer en informasjonskapsel p\u00e5 datamaskinen din som kan sende et varsel til Facebook for \u00e5 orientere Facebook om at du har v\u00e6rt inne p\u00e5 den nettsiden som Facebook pixeltaggen er knyttet til. Denne teknologien kan i teorien anvendes til \u00e5 eksponere deg for Visma i din Facebook \u201cfeed\u201d. Bruk personverninnstillingene dine p\u00e5 Facebook for \u00e5 begrense eksponeringen for slik markedsf\u00f8ring.<\/p>\n\n\n\n<p><strong>Direkte markedsf\u00f8ring<\/strong><\/p>\n\n\n\n<p>Kun dersom du eksplisitt har samtykket til det, vil vi benytte personopplysninger vi har om deg til \u00e5 sende deg tilbud og informasjon om v\u00e5re produkter. Vi benytter i denne forbindelse bl.a. den informasjonen vi har om dine tidligere kj\u00f8p for \u00e5 gi deg tilbud som vi tror du vil v\u00e6re interessert i. Du kan n\u00e5r som helst trekke tilbake ditt samtykke ved \u00e5 klikke her, kontakte oss direkte eller klikke nederst i e-poster du motter.<\/p>\n\n\n\n<p><strong>Hvor lenge vi lagrer data<\/strong><\/p>\n\n\n\n<p>Dine personopplysninger blir lagret s\u00e5 lenge det er n\u00f8dvendig for \u00e5 utf\u00f8re tjenestene beskrevet i denne erkl\u00e6ringen, inntil du ber oss slette dem, eller s\u00e5 lenge loven p\u00e5legger oss \u00e5 beholde dem. Deretter blir de slettet.<\/p>\n\n\n\n<p><strong>Hvordan vi sikrer personopplysninger<\/strong><\/p>\n\n\n\n<p>Vi lagrer personopplysningene dine i v\u00e5re operativmilj\u00f8er. Milj\u00f8ene bruker standard sikkerhetsmetoder for \u00e5 forhindre uautorisert tilgang. Vi f\u00f8lger felles standarder for \u00e5 beskytte personopplysninger og sensitiv informasjon.<\/p>\n\n\n\n<p><strong>Dine rettigheter n\u00e5r det gjelder opplysninger vi har om deg<\/strong><\/p>\n\n\n\n<p>Alle som sp\u00f8r, har rett p\u00e5 grunnleggende informasjon om behandling av personopplysning i en virksomhet etter personopplysningsloven \u00a7 18, 1. ledd. Signaturen Eiendom AS har gitt denne informasjonen i denne personvernerkl\u00e6ringen. Du som er registrert i et av Signaturen Eiendom ASs systemer har rett p\u00e5 innsyn i egne opplysninger ved henvendelse. Du har ogs\u00e5 rett til \u00e5 be om at data blir slettet, eller at feilaktige opplysninger blir rettet. Dette omfatter ikke opplysninger vi er p\u00e5lagt \u00e5 lagre av administrative, juridiske eller sikkerhetsmessige \u00e5rsaker.<\/p>\n\n\n\n<p><strong>Endringer i denne erkl\u00e6ringen<\/strong><\/p>\n\n\n\n<p>Vi kan komme til \u00e5 gj\u00f8re endringer i denne Personvernerkl\u00e6ringen for eksempel som en konsekvens av at vi gj\u00f8r endringer i oppbygningen av eller funksjonalitet p\u00e5 Nettstedet. Dersom vi gj\u00f8r vesentlige endringer, vil vi informere om dette p\u00e5 Nettstedet.<\/p>\n\n\n\n<p><strong>Slik kontakter du oss<\/strong><\/p>\n\n\n\n<p>Dersom du har kommentarer eller sp\u00f8rsm\u00e5l om personvernerkl\u00e6ringen v\u00e5r eller andre sp\u00f8rsm\u00e5l knyttet til personvern, ber vi deg kontakte oss.<br>E-post: post@signaturen.as<br>Postadresse: Sverresgate 6b, 3916 Porsgrunn<\/p>\n","protected":false},"excerpt":{"rendered":"<p>Denne Personvernerkl\u00e6ringen gjelder innsamling, lagring og bruk av personopplysninger p\u00e5 signaturen.as (\u201cNettstedet\u201d) og i forbindelse med kj\u00f8p og andre henvendelser i Signaturen Eiendom AS\u2019s butikk. Her finner du informasjon blant annet om hvilke personopplysninger som samles inn, hva de brukes til og hvilke rettigheter du har. Signaturen Eiendom AS AS, (organisasjonsnummer: 925045098, heretter \u201cSignaturen Eiendom&hellip;&nbsp;<a href=\"https:\/\/signaturen.as\/?page_id=3\" rel=\"bookmark\">Read More &raquo;<span class=\"screen-reader-text\">Personvernerkl\u00e6ring<\/span><\/a><\/p>\n","protected":false},"author":1,"featured_media":0,"parent":0,"menu_order":0,"comment_status":"closed","ping_status":"closed","template":"","meta":{"neve_meta_sidebar":"","neve_meta_container":"","neve_meta_enable_content_width":"","neve_meta_content_width":0,"neve_meta_title_alignment":"","neve_meta_author_avatar":"","neve_post_elements_order":"","neve_meta_disable_header":"","neve_meta_disable_footer":"","neve_meta_disable_title":"","footnotes":""},"class_list":["post-3","page","type-page","status-publish","hentry"],"_links":{"self":[{"href":"https:\/\/signaturen.as\/index.php?rest_route=\/wp\/v2\/pages\/3","targetHints":{"allow":["GET"]}}],"collection":[{"href":"https:\/\/signaturen.as\/index.php?rest_route=\/wp\/v2\/pages"}],"about":[{"href":"https:\/\/signaturen.as\/index.php?rest_route=\/wp\/v2\/types\/page"}],"author":[{"embeddable":true,"href":"https:\/\/signaturen.as\/index.php?rest_route=\/wp\/v2\/users\/1"}],"replies":[{"embeddable":true,"href":"https:\/\/signaturen.as\/index.php?rest_route=%2Fwp%2Fv2%2Fcomments&post=3"}],"version-history":[{"count":1,"href":"https:\/\/signaturen.as\/index.php?rest_route=\/wp\/v2\/pages\/3\/revisions"}],"predecessor-version":[{"id":439,"href":"https:\/\/signaturen.as\/index.php?rest_route=\/wp\/v2\/pages\/3\/revisions\/439"}],"wp:attachment":[{"href":"https:\/\/signaturen.as\/index.php?rest_route=%2Fwp%2Fv2%2Fmedia&parent=3"}],"curies":[{"name":"wp","href":"https:\/\/api.w.org\/{rel}","templated":true}]}}