{"id":61,"date":"2020-01-23T18:21:52","date_gmt":"2020-01-23T18:21:52","guid":{"rendered":"https:\/\/demosites.io\/web-agency-gb\/?page_id=61"},"modified":"2021-11-09T20:06:48","modified_gmt":"2021-11-09T19:06:48","slug":"15c42-web-agency-gb-about-us","status":"publish","type":"page","link":"https:\/\/signaturen.as\/?page_id=61","title":{"rendered":"Om oss"},"content":{"rendered":"\n<div class=\"wp-block-cover alignfull has-nv-site-bg-background-color has-background-dim\" style=\"min-height:300px;aspect-ratio:unset;\"><div class=\"wp-block-cover__inner-container is-layout-flow wp-block-cover-is-layout-flow\">\n<div class=\"wp-block-group\"><div class=\"wp-block-group__inner-container is-layout-flow wp-block-group-is-layout-flow\">\n<h1 class=\"has-text-align-left has-neve-text-color-color has-text-color wp-block-heading\">Om Signaturen Eiendom AS<\/h1>\n<\/div><\/div>\n<\/div><\/div>\n\n\n\n<div class=\"wp-block-cover alignfull has-neve-link-color-background-color has-background-dim\" style=\"min-height:600px;aspect-ratio:unset;\"><div class=\"wp-block-cover__inner-container is-layout-flow wp-block-cover-is-layout-flow\">\n<div class=\"wp-block-group\"><div class=\"wp-block-group__inner-container is-layout-flow wp-block-group-is-layout-flow\">\n<div style=\"height:80px\" aria-hidden=\"true\" class=\"wp-block-spacer\"><\/div>\n\n\n\n<div class=\"wp-block-columns are-vertically-aligned-center is-layout-flex wp-container-core-columns-is-layout-9d6595d7 wp-block-columns-is-layout-flex\">\n<div class=\"wp-block-column is-vertically-aligned-center is-layout-flow wp-block-column-is-layout-flow\" style=\"flex-basis:50%\">\n<figure class=\"wp-block-image size-large\"><img loading=\"lazy\" decoding=\"async\" width=\"1024\" height=\"576\" src=\"https:\/\/signaturen.as\/wp-content\/uploads\/2021\/09\/Fjellrede-V2_9-1024x576.jpg\" alt=\"\" class=\"wp-image-372\" srcset=\"https:\/\/signaturen.as\/wp-content\/uploads\/2021\/09\/Fjellrede-V2_9-1024x576.jpg 1024w, https:\/\/signaturen.as\/wp-content\/uploads\/2021\/09\/Fjellrede-V2_9-300x169.jpg 300w, https:\/\/signaturen.as\/wp-content\/uploads\/2021\/09\/Fjellrede-V2_9-768x432.jpg 768w, https:\/\/signaturen.as\/wp-content\/uploads\/2021\/09\/Fjellrede-V2_9-1536x864.jpg 1536w, https:\/\/signaturen.as\/wp-content\/uploads\/2021\/09\/Fjellrede-V2_9.jpg 1920w\" sizes=\"auto, (max-width: 1024px) 100vw, 1024px\" \/><\/figure>\n<\/div>\n\n\n\n<div class=\"wp-block-column is-vertically-aligned-center is-layout-flow wp-block-column-is-layout-flow\" style=\"flex-basis:50%\">\n<h2 class=\"has-nv-site-bg-color has-text-color wp-block-heading\">V\u00e5r historie<\/h2>\n\n\n\n<p class=\"has-nv-text-dark-bg-color has-text-color has-medium-font-size\">Signaturen Eiendom AS<\/p>\n\n\n\n<p>Vi som st\u00e5r bak selskapet har bred erfaring innen eiendomsbransjen\u2013 alt fra utleie av eiendom til kj\u00f8p og salg. Eiendomsutvikling av egen portef\u00f8lje samt utvikling for andre har v\u00e6rt en stor del av v\u00e5r virksomhet i en lang periode. Vi kan ogs\u00e5 vise til flere eiendomsprosjekter, b\u00e5de hytter og oppf\u00f8ring av hus til private. Siste prosjekt var i Helgeroa der vi f\u00f8rte opp 2 stk villaer i rekke.<\/p>\n\n\n\n<p><br>Har n\u00e5 i disse dager kommet i m\u00e5l med denne modellen som vi har valgt \u00e5 kalle F J E L L R E D E serien.<\/p>\n\n\n\n<p><br>ARIO ARKITEKTER er en viktig samarbeidspartner som gir oss den trygghet vi trenger.<\/p>\n\n\n\n<p><br>Vi har v\u00e5r hyttedr\u00f8m , vi deler den med deg<\/p>\n<\/div>\n<\/div>\n\n\n\n<div style=\"height:40px\" aria-hidden=\"true\" class=\"wp-block-spacer\"><\/div>\n<\/div><\/div>\n<\/div><\/div>\n\n\n\n<div class=\"wp-block-cover alignfull has-nv-light-bg-background-color has-background-dim\" style=\"min-height:600px;aspect-ratio:unset;\"><div class=\"wp-block-cover__inner-container is-layout-flow wp-block-cover-is-layout-flow\">\n<div class=\"wp-block-group\"><div class=\"wp-block-group__inner-container is-layout-flow wp-block-group-is-layout-flow\">\n<div style=\"height:80px\" aria-hidden=\"true\" class=\"wp-block-spacer\"><\/div>\n\n\n\n<div class=\"wp-block-columns are-vertically-aligned-center is-layout-flex wp-container-core-columns-is-layout-9d6595d7 wp-block-columns-is-layout-flex\">\n<div class=\"wp-block-column is-vertically-aligned-center is-layout-flow wp-block-column-is-layout-flow\" style=\"flex-basis:50%\">\n<h2 class=\"has-neve-link-color-color has-text-color wp-block-heading\">Samarbeidspartnere<\/h2>\n\n\n\n<p><a href=\"https:\/\/ario.no\/\" target=\"_blank\" rel=\"noreferrer noopener\">Ario arkitekter<\/a><\/p>\n\n\n\n<p><a href=\"https:\/\/drivved.no\" target=\"_blank\" rel=\"noreferrer noopener\">Drivved.no<\/a><\/p>\n\n\n\n<p><a rel=\"noreferrer noopener\" href=\"https:\/\/fagflis.no\/butikk\/fagflis-sandefjord\/\" target=\"_blank\">F<\/a><a href=\"https:\/\/fagflis.no\/butikk\/fagflis-sandefjord\/\" target=\"_blank\" rel=\"noreferrer noopener\">l<\/a><a rel=\"noreferrer noopener\" href=\"https:\/\/fagflis.no\/butikk\/fagflis-sandefjord\/\" target=\"_blank\">isdekor &#8211; Fagflis<\/a><\/p>\n\n\n\n<p><a href=\"https:\/\/gulvdeal.no\/\" target=\"_blank\" rel=\"noreferrer noopener\">Gulvdeal<\/a><\/p>\n\n\n\n<p><a href=\"https:\/\/www.kjeldalelektro.no\/\" target=\"_blank\" rel=\"noreferrer noopener\">Kjeldal elektro<\/a><\/p>\n\n\n\n<p><a href=\"https:\/\/smart-stone.no\/\" target=\"_blank\" rel=\"noreferrer noopener\">Smartstone<\/a><\/p>\n\n\n\n<p><a rel=\"noreferrer noopener\" href=\"https:\/\/www.strai.no\/\" target=\"_blank\">Strai kj\u00f8kken<\/a><\/p>\n\n\n\n<p><a href=\"https:\/\/www.yeswood.no\/\" target=\"_blank\" rel=\"noreferrer noopener\">Yeswood<\/a><\/p>\n\n\n\n<div style=\"height:20px\" aria-hidden=\"true\" class=\"wp-block-spacer\"><\/div>\n<\/div>\n\n\n\n<div class=\"wp-block-column is-vertically-aligned-center is-layout-flow wp-block-column-is-layout-flow\" style=\"flex-basis:50%\"><\/div>\n<\/div>\n\n\n\n<p><\/p>\n<\/div><\/div>\n<\/div><\/div>\n\n\n\n<div class=\"wp-block-cover alignfull has-neve-link-color-background-color has-background-dim\" style=\"min-height:426px;aspect-ratio:unset;\"><div class=\"wp-block-cover__inner-container is-layout-flow wp-block-cover-is-layout-flow\">\n<div class=\"wp-block-group\"><div class=\"wp-block-group__inner-container is-layout-flow wp-block-group-is-layout-flow\">\n<div class=\"wp-block-columns is-layout-flex wp-container-core-columns-is-layout-9d6595d7 wp-block-columns-is-layout-flex\">\n<div class=\"wp-block-column is-layout-flow wp-block-column-is-layout-flow\">\n<h5 class=\"has-nv-site-bg-color has-text-color wp-block-heading\"><strong>Jarl Opedal<\/strong><\/h5>\n\n\n\n<p class=\"has-nv-text-dark-bg-color has-text-color\">Telefon: 414 39 755                                              <\/p>\n\n\n\n<p class=\"has-nv-text-dark-bg-color has-text-color has-small-font-size\">E-post: <\/p>\n\n\n\n<p class=\"has-nv-text-dark-bg-color has-text-color has-small-font-size\">jarl@signaturen.as<\/p>\n<\/div>\n\n\n\n<div class=\"wp-block-column is-layout-flow wp-block-column-is-layout-flow\">\n<h5 class=\"has-nv-text-dark-bg-color has-text-color wp-block-heading\"><strong>Tom Lindahl<\/strong><\/h5>\n\n\n\n<p class=\"has-nv-text-dark-bg-color has-text-color\">Telefon: 900 12 061                                             <\/p>\n\n\n\n<p class=\"has-nv-text-dark-bg-color has-text-color has-small-font-size\">E-post: <\/p>\n\n\n\n<p class=\"has-nv-text-dark-bg-color has-text-color has-small-font-size\">tom@signaturen.as<\/p>\n<\/div>\n\n\n\n<div class=\"wp-block-column is-layout-flow wp-block-column-is-layout-flow\">\n<h5 class=\"has-nv-text-dark-bg-color has-text-color wp-block-heading\"><strong>Hege<\/strong> <strong>Opedal<\/strong><\/h5>\n\n\n\n<p class=\"has-nv-text-dark-bg-color has-text-color\">Telefon: 404 02 555                                             <\/p>\n\n\n\n<p class=\"has-nv-text-dark-bg-color has-text-color has-small-font-size\">E-post: <\/p>\n\n\n\n<p class=\"has-nv-text-dark-bg-color has-text-color has-small-font-size\">hege@signaturen.as<\/p>\n<\/div>\n\n\n\n<div class=\"wp-block-column is-layout-flow wp-block-column-is-layout-flow\">\n<h5 class=\"has-nv-text-dark-bg-color has-text-color wp-block-heading\"><strong>Inge Berglund<\/strong><\/h5>\n\n\n\n<p class=\"has-nv-text-dark-bg-color has-text-color\">Telefon: 915 79 893                                             <\/p>\n\n\n\n<p class=\"has-nv-text-dark-bg-color has-text-color has-small-font-size\">E-post: <\/p>\n\n\n\n<p class=\"has-nv-text-dark-bg-color has-text-color has-small-font-size\">inge@signaturen.as<\/p>\n<\/div>\n<\/div>\n\n\n\n<p><\/p>\n<\/div><\/div>\n<\/div><\/div>\n","protected":false},"excerpt":{"rendered":"","protected":false},"author":1,"featured_media":0,"parent":0,"menu_order":0,"comment_status":"closed","ping_status":"closed","template":"","meta":{"neve_meta_sidebar":"default","neve_meta_container":"default","neve_meta_enable_content_width":"on","neve_meta_content_width":100,"neve_meta_title_alignment":"","neve_meta_author_avatar":"","neve_post_elements_order":"","neve_meta_disable_header":"","neve_meta_disable_footer":"","neve_meta_disable_title":"on","footnotes":""},"class_list":["post-61","page","type-page","status-publish","hentry"],"_links":{"self":[{"href":"https:\/\/signaturen.as\/index.php?rest_route=\/wp\/v2\/pages\/61","targetHints":{"allow":["GET"]}}],"collection":[{"href":"https:\/\/signaturen.as\/index.php?rest_route=\/wp\/v2\/pages"}],"about":[{"href":"https:\/\/signaturen.as\/index.php?rest_route=\/wp\/v2\/types\/page"}],"author":[{"embeddable":true,"href":"https:\/\/signaturen.as\/index.php?rest_route=\/wp\/v2\/users\/1"}],"replies":[{"embeddable":true,"href":"https:\/\/signaturen.as\/index.php?rest_route=%2Fwp%2Fv2%2Fcomments&post=61"}],"version-history":[{"count":44,"href":"https:\/\/signaturen.as\/index.php?rest_route=\/wp\/v2\/pages\/61\/revisions"}],"predecessor-version":[{"id":675,"href":"https:\/\/signaturen.as\/index.php?rest_route=\/wp\/v2\/pages\/61\/revisions\/675"}],"wp:attachment":[{"href":"https:\/\/signaturen.as\/index.php?rest_route=%2Fwp%2Fv2%2Fmedia&parent=61"}],"curies":[{"name":"wp","href":"https:\/\/api.w.org\/{rel}","templated":true}]}}