{"id":69,"date":"2020-01-27T08:05:29","date_gmt":"2020-01-27T08:05:29","guid":{"rendered":"https:\/\/demosites.io\/web-agency-gb\/?page_id=69"},"modified":"2021-11-09T11:50:26","modified_gmt":"2021-11-09T10:50:26","slug":"15c42-web-agency-gb-portfolio","status":"publish","type":"page","link":"https:\/\/signaturen.as\/?page_id=69","title":{"rendered":"Prosjekter"},"content":{"rendered":"\n<div class=\"wp-block-cover alignfull has-nv-site-bg-background-color has-background-dim\" style=\"min-height:300px;aspect-ratio:unset;\"><div class=\"wp-block-cover__inner-container is-layout-flow wp-block-cover-is-layout-flow\">\n<div class=\"wp-block-group\"><div class=\"wp-block-group__inner-container is-layout-flow wp-block-group-is-layout-flow\">\n<h1 class=\"has-text-align-left has-neve-text-color-color has-text-color wp-block-heading\">Fjellrede &#8211; H\u00f8ykvalitetshytte<\/h1>\n<\/div><\/div>\n<\/div><\/div>\n\n\n\n<div class=\"wp-block-cover alignfull has-nv-light-bg-background-color has-background-dim\" style=\"min-height:600px;aspect-ratio:unset;\"><div class=\"wp-block-cover__inner-container is-layout-flow wp-block-cover-is-layout-flow\">\n<div class=\"wp-block-group\"><div class=\"wp-block-group__inner-container is-layout-flow wp-block-group-is-layout-flow\">\n<div style=\"height:46px\" aria-hidden=\"true\" class=\"wp-block-spacer\"><\/div>\n\n\n\n<div class=\"wp-block-columns is-layout-flex wp-container-core-columns-is-layout-9d6595d7 wp-block-columns-is-layout-flex\">\n<div class=\"wp-block-column is-layout-flow wp-block-column-is-layout-flow\" style=\"flex-basis:50%\">\n<div class=\"wp-block-image\"><figure class=\"aligncenter size-full\"><img loading=\"lazy\" decoding=\"async\" width=\"1024\" height=\"576\" src=\"https:\/\/signaturen.as\/wp-content\/uploads\/2021\/09\/Fjellrede-V1_Illustrasjoner-part-1_small.png\" alt=\"Fjellrede 135\" class=\"wp-image-413\" srcset=\"https:\/\/signaturen.as\/wp-content\/uploads\/2021\/09\/Fjellrede-V1_Illustrasjoner-part-1_small.png 1024w, https:\/\/signaturen.as\/wp-content\/uploads\/2021\/09\/Fjellrede-V1_Illustrasjoner-part-1_small-300x169.png 300w, https:\/\/signaturen.as\/wp-content\/uploads\/2021\/09\/Fjellrede-V1_Illustrasjoner-part-1_small-768x432.png 768w\" sizes=\"auto, (max-width: 1024px) 100vw, 1024px\" \/><\/figure><\/div>\n\n\n\n<h3 class=\"has-text-align-center has-neve-text-color-color has-text-color wp-block-heading\">Fjellrede 135m2<\/h3>\n\n\n\n<p class=\"has-text-align-center has-neve-text-color-color has-text-color\">V\u00e5r modell med atrium i F J E L L R E D E serien.<\/p>\n\n\n\n<p class=\"has-text-align-center has-neve-text-color-color has-text-color\"> Dette er en h\u00f8ystandardhytte med eksklusiv standard, fokus p\u00e5 detaljer s\u00e5 vel inne som utvendig. <\/p>\n\n\n\n<p class=\"has-text-align-center has-neve-text-color-color has-text-color\">Modellen er en U hytte som i sin design skaper en fantastisk lun og sjarmerende uteplass med Pergola , som gj\u00f8r at du kan forlenge utesesongen.<\/p>\n\n\n\n<p><\/p>\n\n\n\n<div class=\"wp-block-buttons is-content-justification-center is-layout-flex wp-block-buttons-is-layout-flex\">\n<div class=\"wp-block-button is-style-primary\"><a class=\"wp-block-button__link\" href=\"https:\/\/e.issuu.com\/embed.html?backgroundColorFullscreen=&amp;d=fjellrede_135m2_kundebrosjyre&amp;u=bridgeit\" target=\"_blank\" rel=\"noreferrer noopener\">Klikk for detaljer<\/a><\/div>\n<\/div>\n\n\n\n<p><\/p>\n<\/div>\n\n\n\n<div class=\"wp-block-column is-layout-flow wp-block-column-is-layout-flow\" style=\"flex-basis:50%\">\n<div class=\"wp-block-image\"><figure class=\"aligncenter size-full\"><img loading=\"lazy\" decoding=\"async\" width=\"1024\" height=\"576\" src=\"https:\/\/signaturen.as\/wp-content\/uploads\/2021\/09\/Fjellrede-120m2_med-hems-7.png\" alt=\"Fjellrede 120m2 med hems\" class=\"wp-image-414\" srcset=\"https:\/\/signaturen.as\/wp-content\/uploads\/2021\/09\/Fjellrede-120m2_med-hems-7.png 1024w, https:\/\/signaturen.as\/wp-content\/uploads\/2021\/09\/Fjellrede-120m2_med-hems-7-300x169.png 300w, https:\/\/signaturen.as\/wp-content\/uploads\/2021\/09\/Fjellrede-120m2_med-hems-7-768x432.png 768w\" sizes=\"auto, (max-width: 1024px) 100vw, 1024px\" \/><\/figure><\/div>\n\n\n\n<h3 class=\"has-text-align-center has-neve-text-color-color has-text-color wp-block-heading\">Fjellrede 120m2<\/h3>\n\n\n\n<p class=\"has-text-align-center has-neve-text-color-color has-text-color\">H\u00f8ykvalitetshytte som leveres med eller uten hems. <\/p>\n\n\n\n<p class=\"has-text-align-center has-neve-text-color-color has-text-color\">Dette er en vinkel modell &#8211; en s\u00e5kalt L hytte med de fordeler dette gir.<\/p>\n\n\n\n<p class=\"has-text-align-center has-neve-text-color-color has-text-color\">Eksklusiv standard med fokus p\u00e5 detaljer. og en meget stor og skjermet uteplass som nettopp denne L hytten skaper med sin stilrene form.<\/p>\n\n\n\n<div style=\"height:1px\" aria-hidden=\"true\" class=\"wp-block-spacer\"><\/div>\n\n\n\n<p><\/p>\n\n\n\n<div class=\"wp-block-buttons is-content-justification-center is-layout-flex wp-block-buttons-is-layout-flex\">\n<div class=\"wp-block-button is-style-primary\"><a class=\"wp-block-button__link\" href=\"https:\/\/e.issuu.com\/embed.html?d=fjellrede_120m2_m_hems_kundebrosjyre&amp;u=bridgeit\" target=\"_blank\" rel=\"noreferrer noopener\">Med hems<\/a><\/div>\n\n\n\n<div class=\"wp-block-button is-style-primary\"><a class=\"wp-block-button__link\" href=\"https:\/\/e.issuu.com\/embed.html?d=fjellrede_120m2_uten_hems_kundebrosjyre&amp;u=bridgeit\" target=\"_blank\" rel=\"noreferrer noopener\">Uten hems<\/a><\/div>\n<\/div>\n\n\n\n<p><\/p>\n<\/div>\n\n\n\n<div class=\"wp-block-column is-layout-flow wp-block-column-is-layout-flow\" style=\"flex-basis:50%\">\n<div class=\"wp-block-image\"><figure class=\"aligncenter size-full\"><img loading=\"lazy\" decoding=\"async\" width=\"1024\" height=\"576\" src=\"https:\/\/signaturen.as\/wp-content\/uploads\/2021\/09\/Image42.png\" alt=\"Fjellrede 100m2 med hems\" class=\"wp-image-415\" srcset=\"https:\/\/signaturen.as\/wp-content\/uploads\/2021\/09\/Image42.png 1024w, https:\/\/signaturen.as\/wp-content\/uploads\/2021\/09\/Image42-300x169.png 300w, https:\/\/signaturen.as\/wp-content\/uploads\/2021\/09\/Image42-768x432.png 768w\" sizes=\"auto, (max-width: 1024px) 100vw, 1024px\" \/><\/figure><\/div>\n\n\n\n<h3 class=\"has-text-align-center has-neve-text-color-color has-text-color wp-block-heading\">Fjellrede 100m2<\/h3>\n\n\n\n<p class=\"has-neve-link-color-color has-text-color\">H\u00f8ykvalitetshytte som leveres med eller uten hems. <\/p>\n\n\n\n<p class=\"has-neve-link-color-color has-text-color\">Dette er en rett modell som er stilren og leveres med eksklusiv standard.<\/p>\n\n\n\n<p class=\"has-neve-link-color-color has-text-color\">Modellen  leveres med eksklusiv standard, fokus p\u00e5 detaljer og en fin uteplass. Store og fine vindusflater bringer naturen inn i stuen.<\/p>\n\n\n\n<div style=\"height:1px\" aria-hidden=\"true\" class=\"wp-block-spacer\"><\/div>\n\n\n\n<p class=\"has-neve-link-color-color has-text-color\"><\/p>\n\n\n\n<div class=\"wp-block-buttons is-content-justification-center is-layout-flex wp-block-buttons-is-layout-flex\">\n<div class=\"wp-block-button is-style-primary\"><a class=\"wp-block-button__link\" href=\"https:\/\/e.issuu.com\/embed.html?d=fjellrede_100m2_m_hems_kundebrosjyre&amp;u=bridgeit\" target=\"_blank\" rel=\"noreferrer noopener\">Med hems<\/a><\/div>\n\n\n\n<div class=\"wp-block-button is-style-primary\"><a class=\"wp-block-button__link\" href=\"https:\/\/e.issuu.com\/embed.html?d=fjellrede_v3_20.08.21&amp;u=bridgeit\" target=\"_blank\" rel=\"noreferrer noopener\">Uten hems<\/a><\/div>\n<\/div>\n\n\n\n<p><\/p>\n<\/div>\n<\/div>\n<\/div><\/div>\n<\/div><\/div>\n\n\n\n<div style=\"height:10px\" aria-hidden=\"true\" class=\"wp-block-spacer\"><\/div>\n\n\n\n<div class=\"wp-block-cover alignfull has-nv-site-bg-background-color has-background-dim\" style=\"min-height:195px;aspect-ratio:unset;\"><div class=\"wp-block-cover__inner-container is-layout-flow wp-block-cover-is-layout-flow\">\n<p class=\"has-text-align-center has-neve-link-color-color has-text-color has-medium-font-size\">Endelig lanseres F J E L L R E DE modellene fra Ario arkitekter. <\/p>\n\n\n\n<p class=\"has-neve-link-color-color has-text-color\">H\u00f8ystandard hytter med fokus p\u00e5 detaljer og det lille ekstra. <\/p>\n\n\n\n<p class=\"has-neve-link-color-color has-text-color\">Vi har tilgang p\u00e5 tomter flere steder i Telemark . <\/p>\n\n\n\n<p class=\"has-neve-link-color-color has-text-color\">P\u00e5 solsiden av Gaustatoppen finner vi Solheimsbeite hyttefelt som ligger p\u00e5 830 moh med sol fra morgen til kveld. Fantastisk utsikt mot Gaustadknea og Toskj\u00e6rsvannet. Kort vei til Tuddal H\u00f8yfjellshotell, norges eldste h\u00f8yfjellshotell. <\/p>\n\n\n\n<p class=\"has-neve-link-color-color has-text-color\">Rauland er ogs\u00e5 et sted der vi har stor tilgang p\u00e5 tomter , v\u00e5rt valg ble Kostveit hyttegrend, et meget fint sted bare 10 min fra sentrum,  alpinbakker og skil\u00f8yper i umiddelbar n\u00e6rhet. Stedet har en fantastisk utsikt mot fjellene og over Totakvannet.<\/p>\n\n\n\n<p class=\"has-neve-link-color-color has-text-color\">I Treungen ble valget Utsj\u00e5 hyttegrend, stedet har meget fine utsiktstomter og kort vei til b\u00e5de sentrum, alpinbakker og skil\u00f8yper.<\/p>\n\n\n\n<p class=\"has-neve-link-color-color has-text-color\">Hytteprosjektene er et samarbeid mellom Signaturen Eiendom AS og Ario Arkitekter. M\u00e5let er \u00e5 skape en moderne h\u00f8ystandard hytte som skiller seg ut fra den tradisjonelle nordiske hyttemodellen. Det er mange fordeler ved \u00e5 kj\u00f8pe en ny prosjektert h\u00f8ystandard hytte. Ta kontakt s\u00e5 hjelper vi deg med din hyttedr\u00f8m.<\/p>\n<\/div><\/div>\n\n\n\n<div class=\"wp-block-cover alignfull has-nv-light-bg-background-color has-background-dim\" style=\"min-height:600px;aspect-ratio:unset;\"><div class=\"wp-block-cover__inner-container is-layout-flow wp-block-cover-is-layout-flow\">\n<div class=\"wp-block-group\"><div class=\"wp-block-group__inner-container is-layout-flow wp-block-group-is-layout-flow\">\n<p class=\"has-neve-link-color-color has-text-color has-large-font-size\"><strong>Tilvalg<\/strong><\/p>\n\n\n\n<div class=\"wp-block-columns is-layout-flex wp-container-core-columns-is-layout-9d6595d7 wp-block-columns-is-layout-flex\">\n<div class=\"wp-block-column is-vertically-aligned-center is-layout-flow wp-block-column-is-layout-flow\" style=\"flex-basis:50%\">\n<div class=\"wp-block-image\"><figure class=\"aligncenter size-large\"><img loading=\"lazy\" decoding=\"async\" width=\"1024\" height=\"736\" src=\"https:\/\/signaturen.as\/wp-content\/uploads\/2021\/10\/vinkjeller-1024x736.png\" alt=\"\" class=\"wp-image-450\" srcset=\"https:\/\/signaturen.as\/wp-content\/uploads\/2021\/10\/vinkjeller-1024x736.png 1024w, https:\/\/signaturen.as\/wp-content\/uploads\/2021\/10\/vinkjeller-300x216.png 300w, https:\/\/signaturen.as\/wp-content\/uploads\/2021\/10\/vinkjeller-768x552.png 768w, https:\/\/signaturen.as\/wp-content\/uploads\/2021\/10\/vinkjeller-1536x1103.png 1536w, https:\/\/signaturen.as\/wp-content\/uploads\/2021\/10\/vinkjeller.png 1676w\" sizes=\"auto, (max-width: 1024px) 100vw, 1024px\" \/><\/figure><\/div>\n\n\n\n<h3 class=\"has-text-align-center has-neve-text-color-color has-text-color wp-block-heading\">Eksklusive vinkjellere til nybygg<\/h3>\n\n\n\n<p class=\"has-text-align-center has-neve-link-color-color has-text-color\">En ekte vinsamling krever en lekker innpakning. En<br>vinkjeller fra Vinorage er dansk design med finesse<br>og enkelhet i en perfekt kombinasjon. Her f\u00e5r du<br>muligheten til \u00e5 velge ekte luksus fra vinkjelleren<br>i dr\u00f8mmehytta deres.<\/p>\n\n\n\n<div class=\"wp-block-buttons is-content-justification-center is-layout-flex wp-block-buttons-is-layout-flex\">\n<div class=\"wp-block-button is-style-primary\"><a class=\"wp-block-button__link\" href=\"https:\/\/e.issuu.com\/embed.html?d=vinorage_-_brochure_til_byggefirma_-_redigert&amp;u=bridgeit\" target=\"_blank\" rel=\"noreferrer noopener\">Vinkjeller katalog<\/a><\/div>\n<\/div>\n\n\n\n<p><\/p>\n<\/div>\n\n\n\n<div class=\"wp-block-column is-layout-flow wp-block-column-is-layout-flow\" style=\"flex-basis:50%\">\n<div class=\"wp-block-image\"><figure class=\"aligncenter size-large is-resized\"><img loading=\"lazy\" decoding=\"async\" src=\"https:\/\/signaturen.as\/wp-content\/uploads\/2021\/10\/drivved-6-1024x1020.jpg\" alt=\"\" class=\"wp-image-461\" width=\"405\" height=\"403\" srcset=\"https:\/\/signaturen.as\/wp-content\/uploads\/2021\/10\/drivved-6-1024x1020.jpg 1024w, https:\/\/signaturen.as\/wp-content\/uploads\/2021\/10\/drivved-6-300x300.jpg 300w, https:\/\/signaturen.as\/wp-content\/uploads\/2021\/10\/drivved-6-150x150.jpg 150w, https:\/\/signaturen.as\/wp-content\/uploads\/2021\/10\/drivved-6-768x765.jpg 768w, https:\/\/signaturen.as\/wp-content\/uploads\/2021\/10\/drivved-6.jpg 1408w\" sizes=\"auto, (max-width: 405px) 100vw, 405px\" \/><\/figure><\/div>\n\n\n\n<h3 class=\"has-text-align-center has-neve-text-color-color has-text-color wp-block-heading\">Drivved.no<\/h3>\n\n\n\n<p class=\"has-text-align-center has-neve-link-color-color has-text-color\">Etter 10 \u00e5r har vi laget det meste, men gleden er like stor n\u00e5r vi l\u00f8ser kundenes utfordringer med b\u00e6rekraftig gjenbruk, god design og ikke minst funksjonalitet. <\/p>\n\n\n\n<p class=\"has-text-align-center has-neve-link-color-color has-text-color\">Vi spesiallager m\u00f8bler og interi\u00f8r til b\u00e5de privat og kommersielt. <\/p>\n\n\n\n<div class=\"wp-block-buttons is-content-justification-center is-layout-flex wp-block-buttons-is-layout-flex\">\n<div class=\"wp-block-button is-style-primary\"><a class=\"wp-block-button__link\" href=\"https:\/\/e.issuu.com\/embed.html?d=bildekatalog&amp;u=bridgeit\" target=\"_blank\" rel=\"noreferrer noopener\">Drivved.no bildekatalog<\/a><\/div>\n<\/div>\n\n\n\n<p><\/p>\n<\/div>\n<\/div>\n<\/div><\/div>\n<\/div><\/div>\n\n\n\n<div class=\"wp-block-cover alignfull has-nv-dark-bg-background-color has-background-dim\" style=\"min-height:158px;aspect-ratio:unset;\"><div class=\"wp-block-cover__inner-container is-layout-flow wp-block-cover-is-layout-flow\">\n<p class=\"has-text-align-center has-large-font-size\"><\/p>\n<\/div><\/div>\n","protected":false},"excerpt":{"rendered":"","protected":false},"author":1,"featured_media":0,"parent":0,"menu_order":0,"comment_status":"closed","ping_status":"closed","template":"","meta":{"neve_meta_sidebar":"full-width","neve_meta_container":"","neve_meta_enable_content_width":"on","neve_meta_content_width":100,"neve_meta_title_alignment":"","neve_meta_author_avatar":"","neve_post_elements_order":"","neve_meta_disable_header":"","neve_meta_disable_footer":"","neve_meta_disable_title":"on","footnotes":""},"class_list":["post-69","page","type-page","status-publish","hentry"],"_links":{"self":[{"href":"https:\/\/signaturen.as\/index.php?rest_route=\/wp\/v2\/pages\/69","targetHints":{"allow":["GET"]}}],"collection":[{"href":"https:\/\/signaturen.as\/index.php?rest_route=\/wp\/v2\/pages"}],"about":[{"href":"https:\/\/signaturen.as\/index.php?rest_route=\/wp\/v2\/types\/page"}],"author":[{"embeddable":true,"href":"https:\/\/signaturen.as\/index.php?rest_route=\/wp\/v2\/users\/1"}],"replies":[{"embeddable":true,"href":"https:\/\/signaturen.as\/index.php?rest_route=%2Fwp%2Fv2%2Fcomments&post=69"}],"version-history":[{"count":47,"href":"https:\/\/signaturen.as\/index.php?rest_route=\/wp\/v2\/pages\/69\/revisions"}],"predecessor-version":[{"id":674,"href":"https:\/\/signaturen.as\/index.php?rest_route=\/wp\/v2\/pages\/69\/revisions\/674"}],"wp:attachment":[{"href":"https:\/\/signaturen.as\/index.php?rest_route=%2Fwp%2Fv2%2Fmedia&parent=69"}],"curies":[{"name":"wp","href":"https:\/\/api.w.org\/{rel}","templated":true}]}}