{"id":75,"date":"2020-01-27T08:29:32","date_gmt":"2020-01-27T08:29:32","guid":{"rendered":"https:\/\/demosites.io\/web-agency-gb\/?page_id=75"},"modified":"2021-11-11T12:33:14","modified_gmt":"2021-11-11T11:33:14","slug":"15c42-web-agency-gb-contact-us","status":"publish","type":"page","link":"https:\/\/signaturen.as\/?page_id=75","title":{"rendered":"Kontakt oss"},"content":{"rendered":"\n<div class=\"wp-block-cover alignfull has-nv-site-bg-background-color has-background-dim\" style=\"min-height:248px;aspect-ratio:unset;\"><div class=\"wp-block-cover__inner-container is-layout-flow wp-block-cover-is-layout-flow\">\n<div class=\"wp-block-group\"><div class=\"wp-block-group__inner-container is-layout-flow wp-block-group-is-layout-flow\">\n<h1 class=\"has-text-align-left has-neve-text-color-color has-text-color wp-block-heading\">Kontakt oss<\/h1>\n<\/div><\/div>\n\n\n\n<h6 class=\"has-text-align-center has-neve-link-color-color has-text-color wp-block-heading\">Vi m\u00f8ter deg gjerne &#8211; ring s\u00e5 avtaler vi et m\u00f8te enten hos oss, til fjells eller der hvor det m\u00e5tte passe.<\/h6>\n\n\n\n<p><\/p>\n<\/div><\/div>\n\n\n\n<div class=\"wp-block-image\"><figure class=\"aligncenter size-large is-resized\"><img loading=\"lazy\" decoding=\"async\" src=\"https:\/\/signaturen.as\/wp-content\/uploads\/2021\/11\/siste_side-1024x792.png\" alt=\"\" class=\"wp-image-697\" width=\"658\" height=\"509\" srcset=\"https:\/\/signaturen.as\/wp-content\/uploads\/2021\/11\/siste_side-1024x792.png 1024w, https:\/\/signaturen.as\/wp-content\/uploads\/2021\/11\/siste_side-300x232.png 300w, https:\/\/signaturen.as\/wp-content\/uploads\/2021\/11\/siste_side-768x594.png 768w, https:\/\/signaturen.as\/wp-content\/uploads\/2021\/11\/siste_side-1536x1188.png 1536w, https:\/\/signaturen.as\/wp-content\/uploads\/2021\/11\/siste_side.png 1638w\" sizes=\"auto, (max-width: 658px) 100vw, 658px\" \/><\/figure><\/div>\n\n\n\n<div class=\"wp-block-cover alignfull has-nv-light-bg-background-color has-background-dim\" style=\"min-height:420px;aspect-ratio:unset;\"><div class=\"wp-block-cover__inner-container is-layout-flow wp-block-cover-is-layout-flow\">\n<div style=\"height:80px\" aria-hidden=\"true\" class=\"wp-block-spacer\"><\/div>\n\n\n\n<div class=\"wp-block-columns is-layout-flex wp-container-core-columns-is-layout-9d6595d7 wp-block-columns-is-layout-flex\">\n<div class=\"wp-block-column ticss-4ce656f1 is-layout-flow wp-block-column-is-layout-flow\">\n<div style=\"height:24px\" aria-hidden=\"true\" class=\"wp-block-spacer\"><\/div>\n\n\n\n<div class=\"wp-block-image icon-style is-style-default\"><figure class=\"aligncenter size-large\"><img loading=\"lazy\" decoding=\"async\" width=\"63\" height=\"63\" src=\"https:\/\/signaturen.as\/wp-content\/uploads\/2021\/06\/phone-sm.png\" alt=\"\" class=\"wp-image-304\"\/><\/figure><\/div>\n\n\n\n<h3 class=\"has-text-align-center has-neve-text-color-color has-text-color wp-block-heading\">Ring oss<\/h3>\n\n\n\n<p class=\"has-text-align-center has-neve-text-color-color has-text-color\" style=\"font-size:15px\">+47 414 39 755<\/p>\n\n\n\n<div style=\"height:24px\" aria-hidden=\"true\" class=\"wp-block-spacer\"><\/div>\n<\/div>\n\n\n\n<div class=\"wp-block-column ticss-f6fc7494 is-layout-flow wp-block-column-is-layout-flow\">\n<div style=\"height:24px\" aria-hidden=\"true\" class=\"wp-block-spacer\"><\/div>\n\n\n\n<div class=\"wp-block-image icon-style is-style-default\"><figure class=\"aligncenter size-large\"><img decoding=\"async\" src=\"https:\/\/signaturen.as\/wp-content\/uploads\/2021\/06\/email-sm.png\" alt=\"\" class=\"wp-image-306\"\/><\/figure><\/div>\n\n\n\n<h3 class=\"has-text-align-center has-neve-text-color-color has-text-color wp-block-heading\">E-post<\/h3>\n\n\n\n<p class=\"has-text-align-center has-neve-text-color-color has-text-color\" style=\"font-size:15px\">post@signaturen.as<\/p>\n\n\n\n<div style=\"height:24px\" aria-hidden=\"true\" class=\"wp-block-spacer\"><\/div>\n<\/div>\n\n\n\n<div class=\"wp-block-column ticss-a5b4df29 is-layout-flow wp-block-column-is-layout-flow\">\n<div style=\"height:24px\" aria-hidden=\"true\" class=\"wp-block-spacer\"><\/div>\n\n\n\n<div class=\"wp-block-image icon-style is-style-default\"><figure class=\"aligncenter size-large\"><img loading=\"lazy\" decoding=\"async\" width=\"49\" height=\"65\" src=\"https:\/\/signaturen.as\/wp-content\/uploads\/2021\/06\/location-sm.png\" alt=\"\" class=\"wp-image-305\"\/><\/figure><\/div>\n\n\n\n<h3 class=\"has-text-align-center has-neve-text-color-color has-text-color wp-block-heading\">Kontoradresse<\/h3>\n\n\n\n<p class=\"has-text-align-center has-neve-text-color-color has-text-color\" style=\"font-size:15px\">Sverresgate 6B, 3916 Porsgrunn<\/p>\n\n\n\n<div style=\"height:24px\" aria-hidden=\"true\" class=\"wp-block-spacer\"><\/div>\n<\/div>\n<\/div>\n\n\n\n<div style=\"height:30px\" aria-hidden=\"true\" class=\"wp-block-spacer\"><\/div>\n<\/div><\/div>\n","protected":false},"excerpt":{"rendered":"","protected":false},"author":1,"featured_media":0,"parent":0,"menu_order":0,"comment_status":"closed","ping_status":"closed","template":"","meta":{"neve_meta_sidebar":"default","neve_meta_container":"","neve_meta_enable_content_width":"on","neve_meta_content_width":100,"neve_meta_title_alignment":"","neve_meta_author_avatar":"","neve_post_elements_order":"","neve_meta_disable_header":"","neve_meta_disable_footer":"","neve_meta_disable_title":"on","footnotes":""},"class_list":["post-75","page","type-page","status-publish","hentry"],"_links":{"self":[{"href":"https:\/\/signaturen.as\/index.php?rest_route=\/wp\/v2\/pages\/75","targetHints":{"allow":["GET"]}}],"collection":[{"href":"https:\/\/signaturen.as\/index.php?rest_route=\/wp\/v2\/pages"}],"about":[{"href":"https:\/\/signaturen.as\/index.php?rest_route=\/wp\/v2\/types\/page"}],"author":[{"embeddable":true,"href":"https:\/\/signaturen.as\/index.php?rest_route=\/wp\/v2\/users\/1"}],"replies":[{"embeddable":true,"href":"https:\/\/signaturen.as\/index.php?rest_route=%2Fwp%2Fv2%2Fcomments&post=75"}],"version-history":[{"count":8,"href":"https:\/\/signaturen.as\/index.php?rest_route=\/wp\/v2\/pages\/75\/revisions"}],"predecessor-version":[{"id":706,"href":"https:\/\/signaturen.as\/index.php?rest_route=\/wp\/v2\/pages\/75\/revisions\/706"}],"wp:attachment":[{"href":"https:\/\/signaturen.as\/index.php?rest_route=%2Fwp%2Fv2%2Fmedia&parent=75"}],"curies":[{"name":"wp","href":"https:\/\/api.w.org\/{rel}","templated":true}]}}